{"id":2,"date":"2022-12-01T14:41:23","date_gmt":"2022-12-01T14:41:23","guid":{"rendered":"http:\/\/bioetica.ar\/?page_id=2"},"modified":"2026-02-08T15:25:45","modified_gmt":"2026-02-08T15:25:45","slug":"sample-page","status":"publish","type":"page","link":"https:\/\/bioetica.ar\/index.php\/sample-page\/","title":{"rendered":"Investigaci\u00f3n en Educaci\u00f3n de Bio\u00e9tica"},"content":{"rendered":"\n<h2 class=\"wp-block-heading has-text-align-center has-vivid-cyan-blue-color has-text-color has-medium-font-size\"><strong>PERCEPCI\u00d3N E IMPACTO DEL PROGRAMA DE HUMANIDADES M\u00c9DICAS EN DOCENTES DEL INSTITUTO UNIVERSITARIO DE CIENCIAS BIOM\u00c9DICAS DE C\u00d3RDOBA<\/strong><\/h2>\n\n\n\n<h2 class=\"wp-block-heading has-pale-cyan-blue-background-color has-background has-x-large-font-size\">PIP 1. ALUMNOS\/AS<\/h2>\n\n\n\n<figure class=\"wp-block-image size-large\"><img loading=\"lazy\" decoding=\"async\" width=\"1024\" height=\"576\" src=\"https:\/\/bioetica.ar\/wp-content\/uploads\/2023\/01\/Diapositiva1-1024x576.jpg\" alt=\"\" class=\"wp-image-524\" srcset=\"https:\/\/bioetica.ar\/wp-content\/uploads\/2023\/01\/Diapositiva1-1024x576.jpg 1024w, https:\/\/bioetica.ar\/wp-content\/uploads\/2023\/01\/Diapositiva1-300x169.jpg 300w, https:\/\/bioetica.ar\/wp-content\/uploads\/2023\/01\/Diapositiva1-768x432.jpg 768w, https:\/\/bioetica.ar\/wp-content\/uploads\/2023\/01\/Diapositiva1.jpg 1280w\" sizes=\"auto, (max-width: 1024px) 100vw, 1024px\" \/><\/figure>\n\n\n\n<figure class=\"wp-block-embed is-type-video is-provider-youtube wp-block-embed-youtube wp-embed-aspect-16-9 wp-has-aspect-ratio\"><div class=\"wp-block-embed__wrapper\">\n<iframe loading=\"lazy\" title=\"PIP 1. CAEM 2020\" width=\"625\" height=\"352\" src=\"https:\/\/www.youtube.com\/embed\/JAO32F5xL7w?feature=oembed\" frameborder=\"0\" allow=\"accelerometer; autoplay; clipboard-write; encrypted-media; gyroscope; picture-in-picture; web-share\" referrerpolicy=\"strict-origin-when-cross-origin\" allowfullscreen><\/iframe>\n<\/div><figcaption class=\"wp-element-caption\">Presentaci\u00f3n CAEM 2020<\/figcaption><\/figure>\n\n\n\n<p>Cada <a href=\"https:\/\/casino-national.es\/\" target=\"_blank\" rel=\"noreferrer noopener\">national casino bonus<\/a> est\u00e1 pensado para premiar tu lealtad, ofreci\u00e9ndote cr\u00e9ditos adicionales y cashback semanal para que nunca dejes de apostar con confianza. Creemos en recompensar la constancia de nuestros socios, por lo que actualizamos nuestras ofertas para que siempre tengas un incentivo real al entrar. Descubre un ecosistema de premios dise\u00f1ado para alargar tus sesiones de juego y maximizar tus beneficios.<\/p>\n\n\n\n<h2 class=\"wp-block-heading has-pale-cyan-blue-background-color has-background has-x-large-font-size\">PIP 2. EGRESADOS<\/h2>\n\n\n\n<figure class=\"wp-block-image size-large\"><img loading=\"lazy\" decoding=\"async\" width=\"1024\" height=\"576\" src=\"https:\/\/bioetica.ar\/wp-content\/uploads\/2023\/01\/Diapositiva1-1-1024x576.jpg\" alt=\"\" class=\"wp-image-528\" srcset=\"https:\/\/bioetica.ar\/wp-content\/uploads\/2023\/01\/Diapositiva1-1-1024x576.jpg 1024w, https:\/\/bioetica.ar\/wp-content\/uploads\/2023\/01\/Diapositiva1-1-300x169.jpg 300w, https:\/\/bioetica.ar\/wp-content\/uploads\/2023\/01\/Diapositiva1-1-768x432.jpg 768w, https:\/\/bioetica.ar\/wp-content\/uploads\/2023\/01\/Diapositiva1-1.jpg 1280w\" sizes=\"auto, (max-width: 1024px) 100vw, 1024px\" \/><\/figure>\n\n\n\n<figure class=\"wp-block-embed is-type-video is-provider-youtube wp-block-embed-youtube wp-embed-aspect-16-9 wp-has-aspect-ratio\"><div class=\"wp-block-embed__wrapper\">\n<iframe loading=\"lazy\" title=\"PIP 2. CAEM 2021\" width=\"625\" height=\"352\" src=\"https:\/\/www.youtube.com\/embed\/0hYx_F2wSoM?feature=oembed\" frameborder=\"0\" allow=\"accelerometer; autoplay; clipboard-write; encrypted-media; gyroscope; picture-in-picture; web-share\" referrerpolicy=\"strict-origin-when-cross-origin\" allowfullscreen><\/iframe>\n<\/div><\/figure>\n\n\n\n<h2 class=\"wp-block-heading has-pale-cyan-blue-background-color has-background has-large-font-size\">PIP 3. DOCENTES<\/h2>\n\n\n\n<figure class=\"wp-block-image size-large\"><img loading=\"lazy\" decoding=\"async\" width=\"1024\" height=\"576\" src=\"https:\/\/bioetica.ar\/wp-content\/uploads\/2023\/01\/pip-3-grafico-caem2022-1024x576.png\" alt=\"\" class=\"wp-image-519\" srcset=\"https:\/\/bioetica.ar\/wp-content\/uploads\/2023\/01\/pip-3-grafico-caem2022-1024x576.png 1024w, https:\/\/bioetica.ar\/wp-content\/uploads\/2023\/01\/pip-3-grafico-caem2022-300x169.png 300w, https:\/\/bioetica.ar\/wp-content\/uploads\/2023\/01\/pip-3-grafico-caem2022-768x432.png 768w, https:\/\/bioetica.ar\/wp-content\/uploads\/2023\/01\/pip-3-grafico-caem2022-1536x864.png 1536w, https:\/\/bioetica.ar\/wp-content\/uploads\/2023\/01\/pip-3-grafico-caem2022.png 1920w\" sizes=\"auto, (max-width: 1024px) 100vw, 1024px\" \/><\/figure>\n\n\n\n<figure class=\"wp-block-embed is-type-video is-provider-youtube wp-block-embed-youtube wp-embed-aspect-16-9 wp-has-aspect-ratio\"><div class=\"wp-block-embed__wrapper\">\n<iframe loading=\"lazy\" title=\"PIP 3. CAEM2022\" width=\"625\" height=\"352\" src=\"https:\/\/www.youtube.com\/embed\/znHzD9cIZw8?feature=oembed\" frameborder=\"0\" allow=\"accelerometer; autoplay; clipboard-write; encrypted-media; gyroscope; picture-in-picture; web-share\" referrerpolicy=\"strict-origin-when-cross-origin\" allowfullscreen><\/iframe>\n<\/div><\/figure>\n\n\n\n<div class=\"wp-block-file\"><a id=\"wp-block-file--media-86e25738-77f6-414b-b5ac-79f4ceaf9de0\" href=\"https:\/\/bioetica.ar\/wp-content\/uploads\/2023\/01\/Resumen-CEM2022-Percepcion-e-impacto-del-programa-de-humanidades-medicas-en-egresados-IUCBC-PIP-3.pdf\">Resumen-CEM2022-Percepcion-e-impacto-del-programa-de-humanidades-medicas-en-egresados-IUCBC-PIP-3<\/a><a href=\"https:\/\/bioetica.ar\/wp-content\/uploads\/2023\/01\/Resumen-CEM2022-Percepcion-e-impacto-del-programa-de-humanidades-medicas-en-egresados-IUCBC-PIP-3.pdf\" class=\"wp-block-file__button wp-element-button\" download aria-describedby=\"wp-block-file--media-86e25738-77f6-414b-b5ac-79f4ceaf9de0\">Descarga<\/a><\/div>\n\n\n\n<h2 class=\"wp-block-heading has-text-align-center has-pale-cyan-blue-background-color has-background has-x-large-font-size\"><strong>El aporte de la ense\u00f1anza universitaria de las Humanidades ante los nuevos escenarios de salud<\/strong>. CAEM 2022<\/h2>\n\n\n\n<figure class=\"wp-block-image size-large\"><img loading=\"lazy\" decoding=\"async\" width=\"1024\" height=\"576\" src=\"https:\/\/bioetica.ar\/wp-content\/uploads\/2023\/01\/Presentacion-CAEM-DAmico-Toledo-27-9-2022-1024x576.jpg\" alt=\"\" class=\"wp-image-525\" srcset=\"https:\/\/bioetica.ar\/wp-content\/uploads\/2023\/01\/Presentacion-CAEM-DAmico-Toledo-27-9-2022-1024x576.jpg 1024w, https:\/\/bioetica.ar\/wp-content\/uploads\/2023\/01\/Presentacion-CAEM-DAmico-Toledo-27-9-2022-300x169.jpg 300w, https:\/\/bioetica.ar\/wp-content\/uploads\/2023\/01\/Presentacion-CAEM-DAmico-Toledo-27-9-2022-768x432.jpg 768w, https:\/\/bioetica.ar\/wp-content\/uploads\/2023\/01\/Presentacion-CAEM-DAmico-Toledo-27-9-2022.jpg 1280w\" sizes=\"auto, (max-width: 1024px) 100vw, 1024px\" \/><figcaption class=\"wp-element-caption\">Presentaci\u00f3n CAEM 2022<\/figcaption><\/figure>\n\n\n\n<figure class=\"wp-block-embed is-type-video is-provider-youtube wp-block-embed-youtube wp-embed-aspect-16-9 wp-has-aspect-ratio\"><div class=\"wp-block-embed__wrapper\">\n<iframe loading=\"lazy\" title=\"El aporte de la ense\u00f1anza universitaria de las humanidades ante los nuevos escenarios de salud.\" width=\"625\" height=\"352\" src=\"https:\/\/www.youtube.com\/embed\/DKcaY3-A_Jw?feature=oembed\" frameborder=\"0\" allow=\"accelerometer; autoplay; clipboard-write; encrypted-media; gyroscope; picture-in-picture; web-share\" referrerpolicy=\"strict-origin-when-cross-origin\" allowfullscreen><\/iframe>\n<\/div><\/figure>\n\n\n\n<div class=\"wp-block-file\"><a id=\"wp-block-file--media-d4534d6a-5615-4443-82b9-613de6e89827\" href=\"https:\/\/bioetica.ar\/wp-content\/uploads\/2023\/01\/Resumen-El-aporte-de-la-ensenanza-universitaria-de-las-Humanidades-ante-los-nuevos-escenarios-de-salud.pdf\" target=\"_blank\" rel=\"noreferrer noopener\">Resumen-El-aporte-de-la-ensenanza-universitaria-de-las-Humanidades-ante-los-nuevos-escenarios-de-salud<\/a><a href=\"https:\/\/bioetica.ar\/wp-content\/uploads\/2023\/01\/Resumen-El-aporte-de-la-ensenanza-universitaria-de-las-Humanidades-ante-los-nuevos-escenarios-de-salud.pdf\" class=\"wp-block-file__button wp-element-button\" download aria-describedby=\"wp-block-file--media-d4534d6a-5615-4443-82b9-613de6e89827\">Descarga<\/a><\/div>\n\n\n\n<hr class=\"wp-block-separator has-text-color has-blue-color has-alpha-channel-opacity has-blue-background-color has-background is-style-wide\"\/>\n\n\n\n<p class=\"has-text-align-center has-white-color has-blue-background-color has-text-color has-background has-large-font-size\"><strong>La ense\u00f1anza de Humanidades en la carrera de Medicina: desaf\u00edos y aportes ante el protagonismo&nbsp;de la inteligencia artificial&nbsp;<\/strong>. CAEM 2023<\/p>\n\n\n\n<figure class=\"wp-block-image size-large is-resized\"><img loading=\"lazy\" decoding=\"async\" width=\"1024\" height=\"576\" src=\"https:\/\/bioetica.ar\/wp-content\/uploads\/2023\/09\/Diapositiva1-1024x576.jpg\" alt=\"\" class=\"wp-image-779\" style=\"width:837px;height:470px\" srcset=\"https:\/\/bioetica.ar\/wp-content\/uploads\/2023\/09\/Diapositiva1-1024x576.jpg 1024w, https:\/\/bioetica.ar\/wp-content\/uploads\/2023\/09\/Diapositiva1-300x169.jpg 300w, https:\/\/bioetica.ar\/wp-content\/uploads\/2023\/09\/Diapositiva1-768x432.jpg 768w, https:\/\/bioetica.ar\/wp-content\/uploads\/2023\/09\/Diapositiva1-624x351.jpg 624w, https:\/\/bioetica.ar\/wp-content\/uploads\/2023\/09\/Diapositiva1.jpg 1280w\" sizes=\"auto, (max-width: 1024px) 100vw, 1024px\" \/><\/figure>\n\n\n\n<hr class=\"wp-block-separator has-alpha-channel-opacity\"\/>\n","protected":false},"excerpt":{"rendered":"<p>PERCEPCI\u00d3N E IMPACTO DEL PROGRAMA DE HUMANIDADES M\u00c9DICAS EN DOCENTES DEL INSTITUTO UNIVERSITARIO DE CIENCIAS BIOM\u00c9DICAS DE C\u00d3RDOBA PIP 1. ALUMNOS\/AS Cada national casino bonus est\u00e1 pensado para premiar tu lealtad, ofreci\u00e9ndote cr\u00e9ditos adicionales y cashback semanal para que nunca dejes de apostar con confianza. Creemos en recompensar la constancia de nuestros socios, por lo [&hellip;]<\/p>\n","protected":false},"author":1,"featured_media":0,"parent":0,"menu_order":0,"comment_status":"closed","ping_status":"open","template":"","meta":{"footnotes":""},"class_list":["post-2","page","type-page","status-publish","hentry"],"_links":{"self":[{"href":"https:\/\/bioetica.ar\/index.php\/wp-json\/wp\/v2\/pages\/2","targetHints":{"allow":["GET"]}}],"collection":[{"href":"https:\/\/bioetica.ar\/index.php\/wp-json\/wp\/v2\/pages"}],"about":[{"href":"https:\/\/bioetica.ar\/index.php\/wp-json\/wp\/v2\/types\/page"}],"author":[{"embeddable":true,"href":"https:\/\/bioetica.ar\/index.php\/wp-json\/wp\/v2\/users\/1"}],"replies":[{"embeddable":true,"href":"https:\/\/bioetica.ar\/index.php\/wp-json\/wp\/v2\/comments?post=2"}],"version-history":[{"count":10,"href":"https:\/\/bioetica.ar\/index.php\/wp-json\/wp\/v2\/pages\/2\/revisions"}],"predecessor-version":[{"id":906,"href":"https:\/\/bioetica.ar\/index.php\/wp-json\/wp\/v2\/pages\/2\/revisions\/906"}],"wp:attachment":[{"href":"https:\/\/bioetica.ar\/index.php\/wp-json\/wp\/v2\/media?parent=2"}],"curies":[{"name":"wp","href":"https:\/\/api.w.org\/{rel}","templated":true}]}}