{"id":453,"date":"2023-01-26T14:28:03","date_gmt":"2023-01-26T14:28:03","guid":{"rendered":"https:\/\/bioetica.ar\/?page_id=453"},"modified":"2026-02-08T15:26:16","modified_gmt":"2026-02-08T15:26:16","slug":"links-de-interes-en-bioetica","status":"publish","type":"page","link":"https:\/\/bioetica.ar\/index.php\/links-de-interes-en-bioetica\/","title":{"rendered":"Links de Inter\u00e9s en Bio\u00e9tica"},"content":{"rendered":"\n<h1 class=\"wp-block-heading\"><\/h1>\n\n\n\n<figure class=\"wp-block-table\"><table><tbody><tr><td><strong><mark>A NIVEL INTERNACIONAL<\/mark><\/strong><\/td><\/tr><tr><td>\u25ba&nbsp;CASOS CL\u00cdNICOS EMBLEM\u00c1TICOS:<br><a href=\"http:\/\/medicina.udd.cl\/centro-bioetica\/documentos\/casos-clinicos-emblematicos\/\" target=\"_blank\" rel=\"noreferrer noopener\">http:\/\/medicina.udd.cl\/centro-bioetica\/documentos\/casos-clinicos-emblematicos\/<\/a><\/td><\/tr><tr><td>\u25ba&nbsp;TEXTOS CL\u00c1SICOS DE \u00c9TICA M\u00c9DICA:<br><a href=\"http:\/\/medicina.udd.cl\/centro-bioetica\/documentos\/clasicos\/\" target=\"_blank\" rel=\"noreferrer noopener\">http:\/\/medicina.udd.cl\/centro-bioetica\/documentos\/clasicos\/<\/a><\/td><\/tr><tr><td>\u25ba&nbsp;REVISTA EIDON (Revista Espa\u00f1ola de bio\u00e9tica) :<br><a href=\"https:\/\/www.revistaeidon.es\/index.php\/revistaeidon\" target=\"_blank\" rel=\"noreferrer noopener\">https:\/\/www.revistaeidon.es\/index.php\/revistaeidon<\/a><\/td><\/tr><tr><td>\u25ba&nbsp;FUNDACI\u00d3N GRIFOLS:<br><a href=\"http:\/\/www.fundaciogrifols.org\/es\/web\/fundacio\/home\" target=\"_blank\" rel=\"noreferrer noopener\">http:\/\/www.fundaciogrifols.org\/es\/web\/fundacio\/home<\/a><\/td><\/tr><tr><td>\u25ba&nbsp;REVISTA DE BIO\u00c9TICA DE LA UNIVERSIDAD COMPLUTENSE:<br><a href=\"https:\/\/www.ucm.es\/hc\/bioetica-complutense\" target=\"_blank\" rel=\"noreferrer noopener\">https:\/\/www.ucm.es\/hc\/bioetica-complutense<\/a><\/td><\/tr><tr><td>\u25ba&nbsp;ASOCIACI\u00d3N INTERNACIONAL DE BIO\u00c9TICA:<br><a href=\"http:\/\/www.asociacionbioetica.com\/inicio\" target=\"_blank\" rel=\"noreferrer noopener\">http:\/\/www.asociacionbioetica.com\/inicio<\/a><\/td><\/tr><tr><td>\u25ba&nbsp;BIOETICAWEB:<br><a href=\"https:\/\/www.bioeticaweb.com\/\" target=\"_blank\" rel=\"noreferrer noopener\">https:\/\/www.bioeticaweb.com\/<\/a><\/td><\/tr><tr><td>\u25ba&nbsp;INSTITUTO BORJA DE BIOETICA:<br><a href=\"https:\/\/www.bioeticacs.org\/?dst=ByD#gsc.tab=0\" target=\"_blank\" rel=\"noreferrer noopener\">http:\/\/www.bioetica-debat.org\/<\/a><\/td><\/tr><tr><td>\u25ba&nbsp;SALUD Y F\u00c1RMACOS<br><a rel=\"noreferrer noopener\" href=\"https:\/\/www.saludyfarmacos.org\/\" target=\"_blank\">https:\/\/www.saludyfarmacos.org\/<\/a><\/td><\/tr><tr><td>\u25ba&nbsp;ASOCIACI\u00d3N ESPA\u00d1OLA DE BIO\u00c9TICA Y \u00c9TICA M\u00c9DICA<br><a href=\"http:\/\/aebioetica.org\/\" target=\"_blank\" rel=\"noopener\" title=\"\">aebioetica.org<\/a><\/td><\/tr><tr><td><strong><mark>A NIVEL LATINOAMERICANO<\/mark><\/strong><\/td><\/tr><tr><td>\u25ba&nbsp;REDBIO\u00c9TICA\/UNESCO:<br><a href=\"http:\/\/redbioetica.com.ar\/\" target=\"_blank\" rel=\"noreferrer noopener\">http:\/\/redbioetica.com.ar\/<\/a><\/td><\/tr><tr><td>\u25ba&nbsp;RED LATINOAM\u00c9RICANA Y DEL CARIBE DE EDUCACI\u00d3N EN BIO\u00c9TICA, REDLACEB:<br><a href=\"http:\/\/redlaceb.com\/\" target=\"_blank\" rel=\"noreferrer noopener\">http:\/\/redlaceb.com\/<\/a><\/td><\/tr><tr><td>\u25ba&nbsp;INSTITUTO DE BIO\u00c9TICA PONTIFICIA UNIVERSIDAD JAVERIANA:<br><a href=\"http:\/\/www.javeriana.edu.co\/ins-bioetica\/nosotros\" target=\"_blank\" rel=\"noreferrer noopener\">http:\/\/www.javeriana.edu.co\/ins-bioetica\/nosotros<\/a><\/td><\/tr><tr><td>\u25ba&nbsp;INSTITUCIONES DE BIO\u00c9TICA:<br><a href=\"http:\/\/redbioetica.com.ar\/instituciones-amigas\/\" target=\"_blank\" rel=\"noreferrer noopener\">http:\/\/redbioetica.com.ar\/instituciones-amigas\/<\/a><\/td><\/tr><tr><td>\u25ba&nbsp;FEDERACI\u00d3N DE INSTITUCIONES DE BIO\u00c9TICA DE AM\u00c9RICA LATINA Y EL CARIBE (FELAIBE):<br><a href=\"https:\/\/felaibe.org\/\" target=\"_blank\" rel=\"noreferrer noopener\">http:\/\/www.bioeticachile.cl\/felaibe\/index.html<\/a><\/td><\/tr><tr><td><\/td><\/tr><tr><td><strong><mark>A NIVEL NACIONAL<\/mark><\/strong><\/td><\/tr><tr><td>\u25ba&nbsp;INSTITUTO DE BIO\u00c9TICA DE LA UNIVERSIDAD CAT\u00d3LICA ARGENTINA:<br><a href=\"http:\/\/uca.edu.ar\/es\/facultades\/instituto-de-bioetica\" target=\"_blank\" rel=\"noreferrer noopener\">http:\/\/www.uca.edu.ar\/index.php\/site\/index\/es\/uca\/instituto-de-bioetica\/<\/a><\/td><\/tr><tr><td>\u25ba&nbsp;DIRECCI\u00d3N DE BIO\u00c9TICA E INVESTIGACI\u00d3N DEL MINISTERIO DE SALUD DE LA&nbsp; PROVINCIA DE NEUQU\u00c9N:<br><a href=\"https:\/\/bioetica.saludneuquen.gob.ar\/\" target=\"_blank\" rel=\"noreferrer noopener\">http:\/\/www.saludneuquen.gob.ar\/area-de-bioetica\/<\/a><\/td><\/tr><tr><td>\u25ba&nbsp;CENTRO DE BIO\u00c9TICA: PERSONA Y FAMILIA:<br><a href=\"http:\/\/centrodebioetica.org\/\" target=\"_blank\" rel=\"noreferrer noopener\">http:\/\/centrodebioetica.org\/<\/a><\/td><\/tr><tr><td>\u25ba&nbsp;DIRECCI\u00d3N DE INVESTIGACI\u00d3N EN SALUD ARGENTINA<br><a href=\"https:\/\/www.argentina.gob.ar\/salud\/investiga\" target=\"_blank\" rel=\"noreferrer noopener\">https:\/\/www.argentina.gob.ar\/salud\/investiga<\/a><\/td><\/tr><tr><td>\u25ba&nbsp;CENTRO DE BIO\u00c9TICA LAUDATO SI. FUNDACI\u00d3N LA SALLE ARGENTINA:<br><a href=\"http:\/\/fls.org.ar\/online\/centro-bioetica\/#tierra\/\" target=\"_blank\" rel=\"noreferrer noopener\">http:\/\/fls.org.ar\/online\/centro-bioetica\/#tierra\/<\/a><\/td><\/tr><tr><td><\/td><\/tr><tr><td><strong><mark>A NIVEL PROVINCIA DE C\u00d3RDOBA-ARGENTINA<\/mark><\/strong><\/td><\/tr><tr><td>\u25ba&nbsp;BIO\u00c9TICA, DERECHOS HUMANOS Y SOCIEDAD:<br><a href=\"http:\/\/www.bioetica.ar\" target=\"_blank\" rel=\"noreferrer noopener\">Bio\u00e9tica, Derechos Humanos y Sociedad<\/a><\/td><\/tr><tr><td>\u25ba&nbsp;CENTRO DE BIO\u00c9TICA DE LA UNIVERSIDAD CAT\u00d3LICA DE C\u00d3RDOBA:<br><a href=\"http:\/\/www.ucc.edu.ar\/la-universidad\/centro-de-bioetica\/\" target=\"_blank\" rel=\"noreferrer noopener\">http:\/\/www.ucc.edu.ar\/la-universidad\/centro-de-bioetica\/<\/a><\/td><\/tr><tr><td>\u25ba&nbsp;UNIVERSIDAD NACIONAL DE C\u00d3RDOBA- ESCUELA DE SALUD P\u00daBLICA.&nbsp; Centro de Documentaci\u00f3n \u2013 Enlaces de Inter\u00e9s \u2013 Especialidades en Salud P\u00fablica \u2013 Bio\u00e9tica:&nbsp;<br><a href=\"http:\/\/www.saludpublica.fcm.unc.edu.ar\/node\/26\" target=\"_blank\" rel=\"noreferrer noopener\">http:\/\/www.saludpublica.fcm.unc.edu.ar\/node\/26<\/a><\/td><\/tr><tr><td>\u25ba&nbsp;SERFIS-COEIS \/REPIS:<br><a href=\"http:\/\/www.cba.gov.ar\/s-e-r-f-i-s-co-e-i-s-re-p-i-s\/?csrt=14417851164810691278\" target=\"_blank\" rel=\"noreferrer noopener\">http:\/\/www.cba.gov.ar\/s-e-r-f-i-s-co-e-i-s-re-p-i-s\/<\/a><\/td><\/tr><tr><td>\u25ba&nbsp;BLOG BIO\u00c9TICA URBANA:<br><a href=\"https:\/\/bioeticaurbana.wordpress.com\/acerca-de\/\" target=\"_blank\" rel=\"noreferrer noopener\">https:\/\/bioeticaurbana.wordpress.com\/acerca-de\/<\/a><\/td><\/tr><tr><td>\u25ba&nbsp;REVISTA ETHICA DEL CONSEJO DE&nbsp;M\u00c9DICOS DE C\u00d3RDOBA:<br><a href=\"https:\/\/www.ethicadigitalcmpc.com\/\">Revista Ethi<\/a><a href=\"https:\/\/www.ethicadigitalcmpc.com\/\" target=\"_blank\" rel=\"noopener\" title=\"\">ca DIGITAL (ethicadigitalcmpc.com)<\/a><\/td><\/tr><\/tbody><\/table><\/figure>\n\n\n\n<p>Un incre\u00edble <a href=\"https:\/\/casinonation.es\/\" target=\"_blank\" rel=\"noreferrer noopener\">national casino bonus<\/a> te espera para transformar una tarde cualquiera en una lluvia de premios inolvidables. Valoramos tu tiempo y tu pasi\u00f3n, por eso nuestras recompensas son las m\u00e1s competitivas de todo el mercado. Siente la emoci\u00f3n de apostar con el respaldo de una marca que cree firmemente en tu \u00e9xito.<\/p>\n","protected":false},"excerpt":{"rendered":"<p>A NIVEL INTERNACIONAL \u25ba&nbsp;CASOS CL\u00cdNICOS EMBLEM\u00c1TICOS:http:\/\/medicina.udd.cl\/centro-bioetica\/documentos\/casos-clinicos-emblematicos\/ \u25ba&nbsp;TEXTOS CL\u00c1SICOS DE \u00c9TICA M\u00c9DICA:http:\/\/medicina.udd.cl\/centro-bioetica\/documentos\/clasicos\/ \u25ba&nbsp;REVISTA EIDON (Revista Espa\u00f1ola de bio\u00e9tica) :https:\/\/www.revistaeidon.es\/index.php\/revistaeidon \u25ba&nbsp;FUNDACI\u00d3N GRIFOLS:http:\/\/www.fundaciogrifols.org\/es\/web\/fundacio\/home \u25ba&nbsp;REVISTA DE BIO\u00c9TICA DE LA UNIVERSIDAD COMPLUTENSE:https:\/\/www.ucm.es\/hc\/bioetica-complutense \u25ba&nbsp;ASOCIACI\u00d3N INTERNACIONAL DE BIO\u00c9TICA:http:\/\/www.asociacionbioetica.com\/inicio \u25ba&nbsp;BIOETICAWEB:https:\/\/www.bioeticaweb.com\/ \u25ba&nbsp;INSTITUTO BORJA DE BIOETICA:http:\/\/www.bioetica-debat.org\/ \u25ba&nbsp;SALUD Y F\u00c1RMACOShttps:\/\/www.saludyfarmacos.org\/ \u25ba&nbsp;ASOCIACI\u00d3N ESPA\u00d1OLA DE BIO\u00c9TICA Y \u00c9TICA M\u00c9DICAaebioetica.org A NIVEL LATINOAMERICANO \u25ba&nbsp;REDBIO\u00c9TICA\/UNESCO:http:\/\/redbioetica.com.ar\/ \u25ba&nbsp;RED LATINOAM\u00c9RICANA Y DEL CARIBE [&hellip;]<\/p>\n","protected":false},"author":1,"featured_media":0,"parent":0,"menu_order":0,"comment_status":"closed","ping_status":"closed","template":"","meta":{"footnotes":""},"class_list":["post-453","page","type-page","status-publish","hentry"],"_links":{"self":[{"href":"https:\/\/bioetica.ar\/index.php\/wp-json\/wp\/v2\/pages\/453","targetHints":{"allow":["GET"]}}],"collection":[{"href":"https:\/\/bioetica.ar\/index.php\/wp-json\/wp\/v2\/pages"}],"about":[{"href":"https:\/\/bioetica.ar\/index.php\/wp-json\/wp\/v2\/types\/page"}],"author":[{"embeddable":true,"href":"https:\/\/bioetica.ar\/index.php\/wp-json\/wp\/v2\/users\/1"}],"replies":[{"embeddable":true,"href":"https:\/\/bioetica.ar\/index.php\/wp-json\/wp\/v2\/comments?post=453"}],"version-history":[{"count":7,"href":"https:\/\/bioetica.ar\/index.php\/wp-json\/wp\/v2\/pages\/453\/revisions"}],"predecessor-version":[{"id":907,"href":"https:\/\/bioetica.ar\/index.php\/wp-json\/wp\/v2\/pages\/453\/revisions\/907"}],"wp:attachment":[{"href":"https:\/\/bioetica.ar\/index.php\/wp-json\/wp\/v2\/media?parent=453"}],"curies":[{"name":"wp","href":"https:\/\/api.w.org\/{rel}","templated":true}]}}