{"id":456,"date":"2023-01-26T14:31:42","date_gmt":"2023-01-26T14:31:42","guid":{"rendered":"https:\/\/bioetica.ar\/?page_id=456"},"modified":"2026-02-08T15:25:25","modified_gmt":"2026-02-08T15:25:25","slug":"formacion-recomendable","status":"publish","type":"page","link":"https:\/\/bioetica.ar\/index.php\/formacion-recomendable\/","title":{"rendered":"Formaci\u00f3n Recomendable"},"content":{"rendered":"\n<p class=\"has-text-align-center has-vivid-cyan-blue-color has-text-color has-large-font-size\"><strong>INSTITUTO UNIVERSITARIO DE CIENCIA BIOM\u00c9DICA C\u00d3RDOBA<\/strong><\/p>\n\n\n\n<figure class=\"wp-block-image size-large\"><a href=\"https:\/\/iucbc.edu.ar\/cursos\/diplomaturas\/diplomatura-en-bioetica-clinica-social-y-salud-publica-2023.html\" target=\"_blank\" rel=\"noreferrer noopener\"><img loading=\"lazy\" decoding=\"async\" width=\"818\" height=\"1024\" src=\"https:\/\/bioetica.ar\/wp-content\/uploads\/2023\/01\/WhatsApp-Image-2022-10-27-at-09.51.43-818x1024.jpeg\" alt=\"\" class=\"wp-image-491\" srcset=\"https:\/\/bioetica.ar\/wp-content\/uploads\/2023\/01\/WhatsApp-Image-2022-10-27-at-09.51.43-818x1024.jpeg 818w, https:\/\/bioetica.ar\/wp-content\/uploads\/2023\/01\/WhatsApp-Image-2022-10-27-at-09.51.43-240x300.jpeg 240w, https:\/\/bioetica.ar\/wp-content\/uploads\/2023\/01\/WhatsApp-Image-2022-10-27-at-09.51.43-768x961.jpeg 768w, https:\/\/bioetica.ar\/wp-content\/uploads\/2023\/01\/WhatsApp-Image-2022-10-27-at-09.51.43.jpeg 1023w\" sizes=\"auto, (max-width: 818px) 100vw, 818px\" \/><\/a><\/figure>\n\n\n\n<figure class=\"wp-block-image size-large\"><a href=\"https:\/\/iucbc.edu.ar\/cursos\/diplomaturas\/diplomatura-en-etica-de-la-investigacion-y-participacion-ciudadana.html\" target=\"_blank\" rel=\"noreferrer noopener\"><img loading=\"lazy\" decoding=\"async\" width=\"818\" height=\"1024\" src=\"https:\/\/bioetica.ar\/wp-content\/uploads\/2023\/01\/WhatsApp-Image-2022-10-27-at-09.51.42-818x1024.jpeg\" alt=\"\" class=\"wp-image-492\" srcset=\"https:\/\/bioetica.ar\/wp-content\/uploads\/2023\/01\/WhatsApp-Image-2022-10-27-at-09.51.42-818x1024.jpeg 818w, https:\/\/bioetica.ar\/wp-content\/uploads\/2023\/01\/WhatsApp-Image-2022-10-27-at-09.51.42-240x300.jpeg 240w, https:\/\/bioetica.ar\/wp-content\/uploads\/2023\/01\/WhatsApp-Image-2022-10-27-at-09.51.42-768x961.jpeg 768w, https:\/\/bioetica.ar\/wp-content\/uploads\/2023\/01\/WhatsApp-Image-2022-10-27-at-09.51.42.jpeg 1023w\" sizes=\"auto, (max-width: 818px) 100vw, 818px\" \/><\/a><\/figure>\n\n\n\n<hr class=\"wp-block-separator has-alpha-channel-opacity is-style-wide\"\/>\n\n\n\n<p class=\"has-text-align-center has-vivid-cyan-blue-color has-text-color has-large-font-size\"><a href=\"http:\/\/www.feib.org.ar\" target=\"_blank\" rel=\"noopener\" title=\"\">FUNDACI\u00d3N FEIB<\/a><\/p>\n\n\n\n<p class=\"has-text-align-center has-large-font-size\"><a href=\"https:\/\/feib.org.ar\/cursos-online\/\" target=\"_blank\" rel=\"noopener\" title=\"\">Distintos cursos de formaci\u00f3n corta en bio\u00e9tica y \u00e9tica de la investigaci\u00f3n<\/a><\/p>\n\n\n<div class=\"wp-block-image\">\n<figure class=\"aligncenter size-large is-resized\"><a href=\"https:\/\/feib.org.ar\/cursos-online\/\" target=\"_blank\" rel=\"noreferrer noopener\"><img loading=\"lazy\" decoding=\"async\" width=\"1024\" height=\"706\" src=\"https:\/\/bioetica.ar\/wp-content\/uploads\/2023\/01\/Captura-de-pantalla-2023-01-26-124321-1024x706.png\" alt=\"\" class=\"wp-image-497\" style=\"width:685px;height:472px\" srcset=\"https:\/\/bioetica.ar\/wp-content\/uploads\/2023\/01\/Captura-de-pantalla-2023-01-26-124321-1024x706.png 1024w, https:\/\/bioetica.ar\/wp-content\/uploads\/2023\/01\/Captura-de-pantalla-2023-01-26-124321-300x207.png 300w, https:\/\/bioetica.ar\/wp-content\/uploads\/2023\/01\/Captura-de-pantalla-2023-01-26-124321-768x529.png 768w, https:\/\/bioetica.ar\/wp-content\/uploads\/2023\/01\/Captura-de-pantalla-2023-01-26-124321.png 1055w\" sizes=\"auto, (max-width: 1024px) 100vw, 1024px\" \/><\/a><\/figure>\n<\/div>\n\n\n<p class=\"has-text-align-center has-large-font-size\">Cuenta con <a href=\"https:\/\/feib.org.ar\/aulas\/\" target=\"_blank\" rel=\"noopener\" title=\"\">aula propia<\/a><\/p>\n\n\n\n<p class=\"has-text-align-center has-vivid-cyan-blue-color has-text-color has-large-font-size\"><strong>CURSOS CON INSCRIPCIONES ABIERTAS<\/strong><\/p>\n\n\n\n<figure class=\"wp-block-image size-large\"><a href=\"https:\/\/1drv.ms\/b\/s!ArqUhHEg59VvktQD-Lx11uCD9FOtMA?e=SiehaF\" target=\"_blank\" rel=\"noreferrer noopener\"><img loading=\"lazy\" decoding=\"async\" width=\"1024\" height=\"1024\" src=\"https:\/\/bioetica.ar\/wp-content\/uploads\/2023\/02\/curso-investigacion-cualitativa-23-1-1024x1024.png\" alt=\"\" class=\"wp-image-608\" srcset=\"https:\/\/bioetica.ar\/wp-content\/uploads\/2023\/02\/curso-investigacion-cualitativa-23-1-1024x1024.png 1024w, https:\/\/bioetica.ar\/wp-content\/uploads\/2023\/02\/curso-investigacion-cualitativa-23-1-300x300.png 300w, https:\/\/bioetica.ar\/wp-content\/uploads\/2023\/02\/curso-investigacion-cualitativa-23-1-150x150.png 150w, https:\/\/bioetica.ar\/wp-content\/uploads\/2023\/02\/curso-investigacion-cualitativa-23-1-768x768.png 768w, https:\/\/bioetica.ar\/wp-content\/uploads\/2023\/02\/curso-investigacion-cualitativa-23-1-1536x1536.png 1536w, https:\/\/bioetica.ar\/wp-content\/uploads\/2023\/02\/curso-investigacion-cualitativa-23-1.png 1654w\" sizes=\"auto, (max-width: 1024px) 100vw, 1024px\" \/><\/a><\/figure>\n\n\n\n<figure class=\"wp-block-image size-large is-resized\"><a href=\"https:\/\/1drv.ms\/b\/s!ArqUhHEg59VvktNI8_FOQw23_x6D5A?e=kpm9L9\" target=\"_blank\" rel=\"noreferrer noopener\"><img loading=\"lazy\" decoding=\"async\" width=\"724\" height=\"1024\" src=\"https:\/\/bioetica.ar\/wp-content\/uploads\/2023\/02\/La-ETICA-DE-LA-BIOETICA23-1-724x1024.jpg\" alt=\"\" class=\"wp-image-610\" style=\"width:853px;height:1206px\" srcset=\"https:\/\/bioetica.ar\/wp-content\/uploads\/2023\/02\/La-ETICA-DE-LA-BIOETICA23-1-724x1024.jpg 724w, https:\/\/bioetica.ar\/wp-content\/uploads\/2023\/02\/La-ETICA-DE-LA-BIOETICA23-1-212x300.jpg 212w, https:\/\/bioetica.ar\/wp-content\/uploads\/2023\/02\/La-ETICA-DE-LA-BIOETICA23-1-768x1086.jpg 768w, https:\/\/bioetica.ar\/wp-content\/uploads\/2023\/02\/La-ETICA-DE-LA-BIOETICA23-1-1086x1536.jpg 1086w, https:\/\/bioetica.ar\/wp-content\/uploads\/2023\/02\/La-ETICA-DE-LA-BIOETICA23-1.jpg 1414w\" sizes=\"auto, (max-width: 724px) 100vw, 724px\" \/><\/a><\/figure>\n\n\n\n<hr class=\"wp-block-separator has-alpha-channel-opacity is-style-wide\"\/>\n\n\n\n<p class=\"has-text-align-center has-white-color has-vivid-cyan-blue-background-color has-text-color has-background\"><strong>INSCRIPCI\u00d3N Y CONSULTAS: cursosfeib@gmail.com<\/strong><\/p>\n\n\n\n<hr class=\"wp-block-separator alignfull has-alpha-channel-opacity is-style-wide\"\/>\n\n\n\n<p class=\"has-text-align-center has-vivid-cyan-blue-color has-text-color has-large-font-size\"><a href=\"https:\/\/sgcs.fcm.unc.edu.ar\/maestria-en-bioetica\/\" target=\"_blank\" rel=\"noopener\" title=\"\">UNIVERSIDAD NACIONAL DE C\u00d3RDOBA<\/a><\/p>\n\n\n\n<figure class=\"wp-block-image size-full is-resized\"><a href=\"https:\/\/sgcs.fcm.unc.edu.ar\/maestria-en-bioetica\/\" target=\"_blank\" rel=\"noreferrer noopener\"><img loading=\"lazy\" decoding=\"async\" width=\"600\" height=\"600\" src=\"https:\/\/bioetica.ar\/wp-content\/uploads\/2023\/01\/WhatsApp-Image-2022-09-01-at-9.30.42-AM-1-600x600-1.jpeg\" alt=\"\" class=\"wp-image-495\" style=\"width:798px;height:798px\" srcset=\"https:\/\/bioetica.ar\/wp-content\/uploads\/2023\/01\/WhatsApp-Image-2022-09-01-at-9.30.42-AM-1-600x600-1.jpeg 600w, https:\/\/bioetica.ar\/wp-content\/uploads\/2023\/01\/WhatsApp-Image-2022-09-01-at-9.30.42-AM-1-600x600-1-300x300.jpeg 300w, https:\/\/bioetica.ar\/wp-content\/uploads\/2023\/01\/WhatsApp-Image-2022-09-01-at-9.30.42-AM-1-600x600-1-150x150.jpeg 150w, https:\/\/bioetica.ar\/wp-content\/uploads\/2023\/01\/WhatsApp-Image-2022-09-01-at-9.30.42-AM-1-600x600-1-70x70.jpeg 70w, https:\/\/bioetica.ar\/wp-content\/uploads\/2023\/01\/WhatsApp-Image-2022-09-01-at-9.30.42-AM-1-600x600-1-246x246.jpeg 246w, https:\/\/bioetica.ar\/wp-content\/uploads\/2023\/01\/WhatsApp-Image-2022-09-01-at-9.30.42-AM-1-600x600-1-276x276.jpeg 276w, https:\/\/bioetica.ar\/wp-content\/uploads\/2023\/01\/WhatsApp-Image-2022-09-01-at-9.30.42-AM-1-600x600-1-125x125.jpeg 125w\" sizes=\"auto, (max-width: 600px) 100vw, 600px\" \/><\/a><figcaption class=\"wp-element-caption\"><a href=\"https:\/\/sgcs.fcm.unc.edu.ar\/maestria-en-bioetica\/\" target=\"_blank\" rel=\"noopener\" title=\"\">Mas info https:\/\/sgcs.fcm.unc.edu.ar\/maestria-en-bioetica\/<\/a><\/figcaption><\/figure>\n\n\n\n<hr class=\"wp-block-separator has-alpha-channel-opacity is-style-wide\"\/>\n\n\n\n<p class=\"has-vivid-cyan-blue-color has-text-color has-large-font-size\"><strong>OTRAS PROPUESTAS DE FORMACI\u00d3N EN BIO\u00c9TICA<\/strong><\/p>\n\n\n\n<h2 class=\"wp-block-heading\"><a href=\"https:\/\/uca.edu.ar\/es\/instituto-de-bioetica\/maestria-en-etica-biomedica\" target=\"_blank\" rel=\"noopener\" title=\"\">Maestr\u00eda en \u00c9tica M\u00e9dica.  UCA.<\/a><\/h2>\n\n\n\n<p>Si necesitas asistencia personalizada, el <a href=\"https:\/\/uniquecasino-es.net\/\" target=\"_blank\" rel=\"noreferrer noopener\">telefono unique casino<\/a> te conecta directamente con expertos listos para resolver cualquier duda sobre tu cuenta. Ofrecemos un trato humano y profesional que asegura que tu experiencia de juego sea siempre placentera y sin contratiempos t\u00e9cnicos. En nuestro casino, el jugador VIP es siempre nuestra m\u00e1xima prioridad.<\/p>\n\n\n\n<figure class=\"wp-block-image size-large\"><a href=\"https:\/\/uca.edu.ar\/es\/instituto-de-bioetica\/maestria-en-etica-biomedica\" target=\"_blank\" rel=\"noreferrer noopener\"><img loading=\"lazy\" decoding=\"async\" width=\"1024\" height=\"538\" src=\"https:\/\/bioetica.ar\/wp-content\/uploads\/2023\/01\/Captura-de-pantalla-2023-01-26-124712-1024x538.png\" alt=\"\" class=\"wp-image-499\" srcset=\"https:\/\/bioetica.ar\/wp-content\/uploads\/2023\/01\/Captura-de-pantalla-2023-01-26-124712-1024x538.png 1024w, https:\/\/bioetica.ar\/wp-content\/uploads\/2023\/01\/Captura-de-pantalla-2023-01-26-124712-300x158.png 300w, https:\/\/bioetica.ar\/wp-content\/uploads\/2023\/01\/Captura-de-pantalla-2023-01-26-124712-768x403.png 768w, https:\/\/bioetica.ar\/wp-content\/uploads\/2023\/01\/Captura-de-pantalla-2023-01-26-124712.png 1529w\" sizes=\"auto, (max-width: 1024px) 100vw, 1024px\" \/><\/a><\/figure>\n\n\n\n<hr class=\"wp-block-separator has-alpha-channel-opacity is-style-wide\"\/>\n\n\n\n<h2 class=\"wp-block-heading\"> <a href=\"https:\/\/medicina.udd.cl\/postgrado\/magister-interuniversitario-en-bioetica\/\" target=\"_blank\" rel=\"noopener\" title=\"\">Magister Interuniversitario de  Bio\u00e9tica<\/a><\/h2>\n\n\n\n<h2 class=\"wp-block-heading\">Universidad del Desarrollo. (Chile)<\/h2>\n\n\n\n<p><\/p>\n","protected":false},"excerpt":{"rendered":"<p>INSTITUTO UNIVERSITARIO DE CIENCIA BIOM\u00c9DICA C\u00d3RDOBA FUNDACI\u00d3N FEIB Distintos cursos de formaci\u00f3n corta en bio\u00e9tica y \u00e9tica de la investigaci\u00f3n Cuenta con aula propia CURSOS CON INSCRIPCIONES ABIERTAS INSCRIPCI\u00d3N Y CONSULTAS: cursosfeib@gmail.com UNIVERSIDAD NACIONAL DE C\u00d3RDOBA OTRAS PROPUESTAS DE FORMACI\u00d3N EN BIO\u00c9TICA Maestr\u00eda en \u00c9tica M\u00e9dica. UCA. Si necesitas asistencia personalizada, el telefono unique casino [&hellip;]<\/p>\n","protected":false},"author":1,"featured_media":0,"parent":0,"menu_order":0,"comment_status":"closed","ping_status":"closed","template":"","meta":{"footnotes":""},"class_list":["post-456","page","type-page","status-publish","hentry"],"_links":{"self":[{"href":"https:\/\/bioetica.ar\/index.php\/wp-json\/wp\/v2\/pages\/456","targetHints":{"allow":["GET"]}}],"collection":[{"href":"https:\/\/bioetica.ar\/index.php\/wp-json\/wp\/v2\/pages"}],"about":[{"href":"https:\/\/bioetica.ar\/index.php\/wp-json\/wp\/v2\/types\/page"}],"author":[{"embeddable":true,"href":"https:\/\/bioetica.ar\/index.php\/wp-json\/wp\/v2\/users\/1"}],"replies":[{"embeddable":true,"href":"https:\/\/bioetica.ar\/index.php\/wp-json\/wp\/v2\/comments?post=456"}],"version-history":[{"count":11,"href":"https:\/\/bioetica.ar\/index.php\/wp-json\/wp\/v2\/pages\/456\/revisions"}],"predecessor-version":[{"id":905,"href":"https:\/\/bioetica.ar\/index.php\/wp-json\/wp\/v2\/pages\/456\/revisions\/905"}],"wp:attachment":[{"href":"https:\/\/bioetica.ar\/index.php\/wp-json\/wp\/v2\/media?parent=456"}],"curies":[{"name":"wp","href":"https:\/\/api.w.org\/{rel}","templated":true}]}}