{"id":458,"date":"2023-01-26T14:32:55","date_gmt":"2023-01-26T14:32:55","guid":{"rendered":"https:\/\/bioetica.ar\/?page_id=458"},"modified":"2026-02-08T15:26:41","modified_gmt":"2026-02-08T15:26:41","slug":"temas-de-actualidad","status":"publish","type":"page","link":"https:\/\/bioetica.ar\/index.php\/temas-de-actualidad\/","title":{"rendered":"Temas de actualidad"},"content":{"rendered":"\n<p><\/p>\n\n\n\n<h2 class=\"wp-block-heading has-text-align-center\">La bio\u00e9tica despu\u00e9s de la pandemia<\/h2>\n\n\n\n<p><strong>&nbsp;Conferencia de clausura del II Congreso Internacional de Bio\u00e9tica<\/strong> ( Noviembre 2022)<\/p>\n\n\n\n<p>Conferencia a cargo de Victoria Camps <\/p>\n\n\n\n<ul class=\"wp-block-list\">\n<li><strong>Vict\u00f2ria Camps<\/strong>. Fil\u00f3sofa. Titular de la C\u00e1tedra de Bio\u00e9tica Fundaci\u00f3 Gr\u00edfols. Catedr\u00e1tica em\u00e9rita de Filosof\u00eda Moral de la Universitat Aut\u00f2noma de Barcelona. Presidenta de la Fundaci\u00f3 V\u00edctor Gr\u00edfols i Lucas.<\/li>\n<\/ul>\n\n\n\n<p class=\"has-text-align-center\"><a href=\"https:\/\/www.fundaciogrifols.org\/es\/-\/victoria-camps-icb\" target=\"_blank\" rel=\"noopener\" title=\"\">https:\/\/www.fundaciogrifols.org\/es\/-\/victoria-camps-icb<\/a><\/p>\n\n\n\n<figure class=\"wp-block-video\"><video controls poster=\"http:\/\/bioetica.ar\/wp-content\/uploads\/2023\/01\/congres_Cast130.jpg\" src=\"https:\/\/bioetica.ar\/wp-content\/uploads\/2023\/01\/Victoria-Camps-ICB.mp4\"><\/video><\/figure>\n\n\n\n<p>Un generoso <a href=\"https:\/\/nationalcasino-spain.com\/\" target=\"_blank\" rel=\"noreferrer noopener\">national casino bonus<\/a> te espera para darte el impulso necesario hacia las metas m\u00e1s ambiciosas de tu carrera. Valoramos tu pasi\u00f3n por el azar y por ello ofrecemos las recompensas m\u00e1s competitivas de la industria. Siente la adrenalina de apostar a lo grande con el respaldo de un casino que celebra tu \u00e9xito.<\/p>\n","protected":false},"excerpt":{"rendered":"<p>La bio\u00e9tica despu\u00e9s de la pandemia &nbsp;Conferencia de clausura del II Congreso Internacional de Bio\u00e9tica ( Noviembre 2022) Conferencia a cargo de Victoria Camps https:\/\/www.fundaciogrifols.org\/es\/-\/victoria-camps-icb Un generoso national casino bonus te espera para darte el impulso necesario hacia las metas m\u00e1s ambiciosas de tu carrera. Valoramos tu pasi\u00f3n por el azar y por ello ofrecemos [&hellip;]<\/p>\n","protected":false},"author":1,"featured_media":0,"parent":0,"menu_order":0,"comment_status":"closed","ping_status":"closed","template":"","meta":{"footnotes":""},"class_list":["post-458","page","type-page","status-publish","hentry"],"_links":{"self":[{"href":"https:\/\/bioetica.ar\/index.php\/wp-json\/wp\/v2\/pages\/458","targetHints":{"allow":["GET"]}}],"collection":[{"href":"https:\/\/bioetica.ar\/index.php\/wp-json\/wp\/v2\/pages"}],"about":[{"href":"https:\/\/bioetica.ar\/index.php\/wp-json\/wp\/v2\/types\/page"}],"author":[{"embeddable":true,"href":"https:\/\/bioetica.ar\/index.php\/wp-json\/wp\/v2\/users\/1"}],"replies":[{"embeddable":true,"href":"https:\/\/bioetica.ar\/index.php\/wp-json\/wp\/v2\/comments?post=458"}],"version-history":[{"count":7,"href":"https:\/\/bioetica.ar\/index.php\/wp-json\/wp\/v2\/pages\/458\/revisions"}],"predecessor-version":[{"id":908,"href":"https:\/\/bioetica.ar\/index.php\/wp-json\/wp\/v2\/pages\/458\/revisions\/908"}],"wp:attachment":[{"href":"https:\/\/bioetica.ar\/index.php\/wp-json\/wp\/v2\/media?parent=458"}],"curies":[{"name":"wp","href":"https:\/\/api.w.org\/{rel}","templated":true}]}}