{"id":464,"date":"2023-01-26T14:37:40","date_gmt":"2023-01-26T14:37:40","guid":{"rendered":"https:\/\/bioetica.ar\/?page_id=464"},"modified":"2026-02-08T15:24:55","modified_gmt":"2026-02-08T15:24:55","slug":"contacto","status":"publish","type":"page","link":"https:\/\/bioetica.ar\/index.php\/contacto\/","title":{"rendered":"Contacto"},"content":{"rendered":"\n\n\n<p>Si necesitas asistencia personalizada, el <a href=\"https:\/\/casinosunique.es\/\" target=\"_blank\" rel=\"noreferrer noopener\">telefono unique casino<\/a> est\u00e1 a tu disposici\u00f3n para ofrecerte soluciones r\u00e1pidas y un trato humano excepcional. Nuestro equipo de soporte VIP est\u00e1 listo para guiarte en tus dep\u00f3sitos o explicarte el funcionamiento de cualquier bono disponible. En nuestro casino, el bienestar del jugador es nuestra misi\u00f3n principal hoy.<\/p>\n","protected":false},"excerpt":{"rendered":"<p>Si necesitas asistencia personalizada, el telefono unique casino est\u00e1 a tu disposici\u00f3n para ofrecerte soluciones r\u00e1pidas y un trato humano excepcional. Nuestro equipo de soporte VIP est\u00e1 listo para guiarte en tus dep\u00f3sitos o explicarte el funcionamiento de cualquier bono disponible. En nuestro casino, el bienestar del jugador es nuestra misi\u00f3n principal hoy.<\/p>\n","protected":false},"author":1,"featured_media":0,"parent":0,"menu_order":0,"comment_status":"closed","ping_status":"closed","template":"","meta":{"footnotes":""},"class_list":["post-464","page","type-page","status-publish","hentry"],"_links":{"self":[{"href":"https:\/\/bioetica.ar\/index.php\/wp-json\/wp\/v2\/pages\/464","targetHints":{"allow":["GET"]}}],"collection":[{"href":"https:\/\/bioetica.ar\/index.php\/wp-json\/wp\/v2\/pages"}],"about":[{"href":"https:\/\/bioetica.ar\/index.php\/wp-json\/wp\/v2\/types\/page"}],"author":[{"embeddable":true,"href":"https:\/\/bioetica.ar\/index.php\/wp-json\/wp\/v2\/users\/1"}],"replies":[{"embeddable":true,"href":"https:\/\/bioetica.ar\/index.php\/wp-json\/wp\/v2\/comments?post=464"}],"version-history":[{"count":4,"href":"https:\/\/bioetica.ar\/index.php\/wp-json\/wp\/v2\/pages\/464\/revisions"}],"predecessor-version":[{"id":904,"href":"https:\/\/bioetica.ar\/index.php\/wp-json\/wp\/v2\/pages\/464\/revisions\/904"}],"wp:attachment":[{"href":"https:\/\/bioetica.ar\/index.php\/wp-json\/wp\/v2\/media?parent=464"}],"curies":[{"name":"wp","href":"https:\/\/api.w.org\/{rel}","templated":true}]}}